{"id":18510,"date":"2024-02-01T15:55:39","date_gmt":"2024-02-01T12:55:39","guid":{"rendered":"https:\/\/smchairs.com\/?page_id=18510"},"modified":"2025-01-16T14:27:21","modified_gmt":"2025-01-16T11:27:21","slug":"bank-sedirler","status":"publish","type":"page","link":"https:\/\/smchairs.com\/en\/bank-sedirler\/","title":{"rendered":"Bank &#038; Sedirler"},"content":{"rendered":"<div data-elementor-type=\"wp-page\" data-elementor-id=\"18510\" class=\"elementor elementor-18510\">\r\n\t\t\t\t\t\t<section class=\"elementor-section elementor-top-section elementor-element elementor-element-1206acc6 elementor-section-boxed elementor-section-height-default elementor-section-height-default\" data-id=\"1206acc6\" data-element_type=\"section\">\r\n\t\t\t\t\t\t<div class=\"elementor-container elementor-column-gap-default\">\r\n\t\t\t\t\t<div class=\"elementor-column elementor-col-33 elementor-top-column elementor-element elementor-element-4df2f48d\" data-id=\"4df2f48d\" data-element_type=\"column\">\r\n\t\t\t<div class=\"elementor-widget-wrap elementor-element-populated\">\r\n\t\t\t\t<div class=\"elementor-element elementor-element-6cc77b35 e-flex e-con-boxed e-con e-parent\" data-id=\"6cc77b35\" data-element_type=\"container\">\r\n\t\t\t\t\t<div class=\"e-con-inner\">\r\n\t\t\t\t<div class=\"elementor-element elementor-element-1f9ac7a8 elementor-widget elementor-widget-image\" data-id=\"1f9ac7a8\" data-element_type=\"widget\" data-widget_type=\"image.default\">\r\n\t\t\t\t<div class=\"elementor-widget-container\">\r\n\t\t\t<style>\/*! elementor - v3.22.0 - 26-06-2024 *\/\r\n.elementor-widget-image{text-align:center}.elementor-widget-image a{display:inline-block}.elementor-widget-image a img[src$=\".svg\"]{width:48px}.elementor-widget-image img{vertical-align:middle;display:inline-block}<\/style>\t\t\t\t\t\t\t\t\t\t<img fetchpriority=\"high\" decoding=\"async\" width=\"1024\" height=\"546\" src=\"https:\/\/smchairs.com\/wp-content\/uploads\/2024\/02\/neo-1-1024x546.jpg\" class=\"attachment-large size-large wp-image-18514\" alt=\"\" \/>\t\t\t\t\t\t\t\t\t\t\t\t\t<\/div>\r\n\t\t\t\t<\/div>\r\n\t\t\t\t<div class=\"elementor-element elementor-element-2b5cf7df elementor-widget elementor-widget-heading\" data-id=\"2b5cf7df\" data-element_type=\"widget\" data-widget_type=\"heading.default\">\r\n\t\t\t\t<div class=\"elementor-widget-container\">\r\n\t\t\t<style>\/*! elementor - v3.22.0 - 26-06-2024 *\/\r\n.elementor-heading-title{padding:0;margin:0;line-height:1}.elementor-widget-heading .elementor-heading-title[class*=elementor-size-]>a{color:inherit;font-size:inherit;line-height:inherit}.elementor-widget-heading .elementor-heading-title.elementor-size-small{font-size:15px}.elementor-widget-heading .elementor-heading-title.elementor-size-medium{font-size:19px}.elementor-widget-heading .elementor-heading-title.elementor-size-large{font-size:29px}.elementor-widget-heading .elementor-heading-title.elementor-size-xl{font-size:39px}.elementor-widget-heading .elementor-heading-title.elementor-size-xxl{font-size:59px}<\/style><h2 class=\"elementor-heading-title elementor-size-default\">Neo<\/h2>\t\t<\/div>\r\n\t\t\t\t<\/div>\r\n\t\t\t\t\t<\/div>\r\n\t\t\t\t<\/div>\r\n\t\t\t\t\t<\/div>\r\n\t\t<\/div>\r\n\t\t\t\t<div class=\"elementor-column elementor-col-33 elementor-top-column elementor-element elementor-element-5fd9493d\" data-id=\"5fd9493d\" data-element_type=\"column\">\r\n\t\t\t<div class=\"elementor-widget-wrap elementor-element-populated\">\r\n\t\t\t\t<div class=\"elementor-element elementor-element-6b73f6dd e-flex e-con-boxed e-con e-parent\" data-id=\"6b73f6dd\" data-element_type=\"container\">\r\n\t\t\t\t\t<div class=\"e-con-inner\">\r\n\t\t\t\t<div class=\"elementor-element elementor-element-5113d06b elementor-widget elementor-widget-image\" data-id=\"5113d06b\" data-element_type=\"widget\" data-widget_type=\"image.default\">\r\n\t\t\t\t<div class=\"elementor-widget-container\">\r\n\t\t\t\t\t\t\t\t\t\t\t\t\t<img decoding=\"async\" width=\"1024\" height=\"546\" src=\"https:\/\/smchairs.com\/wp-content\/uploads\/2024\/02\/floria-1-1024x546.jpg\" class=\"attachment-large size-large wp-image-18513\" alt=\"\" \/>\t\t\t\t\t\t\t\t\t\t\t\t\t<\/div>\r\n\t\t\t\t<\/div>\r\n\t\t\t\t<div class=\"elementor-element elementor-element-20e94d09 elementor-widget elementor-widget-heading\" data-id=\"20e94d09\" data-element_type=\"widget\" data-widget_type=\"heading.default\">\r\n\t\t\t\t<div class=\"elementor-widget-container\">\r\n\t\t\t<h2 class=\"elementor-heading-title elementor-size-default\">Floria<\/h2>\t\t<\/div>\r\n\t\t\t\t<\/div>\r\n\t\t\t\t\t<\/div>\r\n\t\t\t\t<\/div>\r\n\t\t\t\t\t<\/div>\r\n\t\t<\/div>\r\n\t\t\t\t<div class=\"elementor-column elementor-col-33 elementor-top-column elementor-element elementor-element-6bab0055\" data-id=\"6bab0055\" data-element_type=\"column\">\r\n\t\t\t<div class=\"elementor-widget-wrap elementor-element-populated\">\r\n\t\t\t\t<div class=\"elementor-element elementor-element-46a97fef e-flex e-con-boxed e-con e-parent\" data-id=\"46a97fef\" data-element_type=\"container\">\r\n\t\t\t\t\t<div class=\"e-con-inner\">\r\n\t\t\t\t<div class=\"elementor-element elementor-element-11c0b339 elementor-widget elementor-widget-image\" data-id=\"11c0b339\" data-element_type=\"widget\" data-widget_type=\"image.default\">\r\n\t\t\t\t<div class=\"elementor-widget-container\">\r\n\t\t\t\t\t\t\t\t\t\t\t\t\t<img decoding=\"async\" width=\"1024\" height=\"546\" src=\"https:\/\/smchairs.com\/wp-content\/uploads\/2024\/02\/falez-1-1024x546.jpg\" class=\"attachment-large size-large wp-image-18512\" alt=\"\" \/>\t\t\t\t\t\t\t\t\t\t\t\t\t<\/div>\r\n\t\t\t\t<\/div>\r\n\t\t\t\t<div class=\"elementor-element elementor-element-abb633c elementor-widget elementor-widget-heading\" data-id=\"abb633c\" data-element_type=\"widget\" data-widget_type=\"heading.default\">\r\n\t\t\t\t<div class=\"elementor-widget-container\">\r\n\t\t\t<h2 class=\"elementor-heading-title elementor-size-default\">Falez<\/h2>\t\t<\/div>\r\n\t\t\t\t<\/div>\r\n\t\t\t\t\t<\/div>\r\n\t\t\t\t<\/div>\r\n\t\t\t\t\t<\/div>\r\n\t\t<\/div>\r\n\t\t\t\t\t<\/div>\r\n\t\t<\/section>\r\n\t\t\t\t<section class=\"elementor-section elementor-top-section elementor-element elementor-element-7ee91efc elementor-section-full_width elementor-section-height-default elementor-section-height-default\" data-id=\"7ee91efc\" data-element_type=\"section\" data-settings=\"{&quot;background_background&quot;:&quot;gradient&quot;}\">\r\n\t\t\t\t\t\t<div class=\"elementor-container elementor-column-gap-default\">\r\n\t\t\t\t\t<div class=\"elementor-column elementor-col-50 elementor-top-column elementor-element elementor-element-57be48b6 wpb-col-sm-100\" data-id=\"57be48b6\" data-element_type=\"column\">\r\n\t\t\t<div class=\"elementor-widget-wrap elementor-element-populated\">\r\n\t\t\t\t\t\t<div class=\"elementor-element elementor-element-1c1db102 elementor-widget elementor-widget-image\" data-id=\"1c1db102\" data-element_type=\"widget\" data-widget_type=\"image.default\">\r\n\t\t\t\t<div class=\"elementor-widget-container\">\r\n\t\t\t\t\t\t\t\t\t\t\t\t\t<img loading=\"lazy\" decoding=\"async\" width=\"725\" height=\"447\" src=\"https:\/\/smchairs.com\/wp-content\/uploads\/2024\/01\/beatriz-1.webp\" class=\"elementor-animation-shrink attachment-large size-large wp-image-17869\" alt=\"\" \/>\t\t\t\t\t\t\t\t\t\t\t\t\t<\/div>\r\n\t\t\t\t<\/div>\r\n\t\t\t\t\t<\/div>\r\n\t\t<\/div>\r\n\t\t\t\t<div class=\"elementor-column elementor-col-50 elementor-top-column elementor-element elementor-element-43d37c08 wpb-col-sm-100\" data-id=\"43d37c08\" data-element_type=\"column\">\r\n\t\t\t<div class=\"elementor-widget-wrap elementor-element-populated\">\r\n\t\t\t\t\t\t<section class=\"elementor-section elementor-inner-section elementor-element elementor-element-7077222d elementor-section-boxed elementor-section-height-default elementor-section-height-default\" data-id=\"7077222d\" data-element_type=\"section\">\r\n\t\t\t\t\t\t<div class=\"elementor-container elementor-column-gap-default\">\r\n\t\t\t\t\t<div class=\"elementor-column elementor-col-100 elementor-inner-column elementor-element elementor-element-23022142\" data-id=\"23022142\" data-element_type=\"column\">\r\n\t\t\t<div class=\"elementor-widget-wrap elementor-element-populated\">\r\n\t\t\t\t\t\t<div class=\"elementor-element elementor-element-318ef701 elementor-widget elementor-widget-text-editor\" data-id=\"318ef701\" data-element_type=\"widget\" data-widget_type=\"text-editor.default\">\r\n\t\t\t\t<div class=\"elementor-widget-container\">\r\n\t\t\t<style>\/*! elementor - v3.22.0 - 26-06-2024 *\/\r\n.elementor-widget-text-editor.elementor-drop-cap-view-stacked .elementor-drop-cap{background-color:#69727d;color:#fff}.elementor-widget-text-editor.elementor-drop-cap-view-framed .elementor-drop-cap{color:#69727d;border:3px solid;background-color:transparent}.elementor-widget-text-editor:not(.elementor-drop-cap-view-default) .elementor-drop-cap{margin-top:8px}.elementor-widget-text-editor:not(.elementor-drop-cap-view-default) .elementor-drop-cap-letter{width:1em;height:1em}.elementor-widget-text-editor .elementor-drop-cap{float:left;text-align:center;line-height:1;font-size:50px}.elementor-widget-text-editor .elementor-drop-cap-letter{display:inline-block}<\/style>\t\t\t\t<p>To date, it has been producing special productions in many commercial spaces such as hotels, restaurants, cafes and offices to the requests of users who want to create original designs and have special products applied.<\/p>\t\t\t\t\t\t<\/div>\r\n\t\t\t\t<\/div>\r\n\t\t\t\t\t<\/div>\r\n\t\t<\/div>\r\n\t\t\t\t\t<\/div>\r\n\t\t<\/section>\r\n\t\t\t\t\t<\/div>\r\n\t\t<\/div>\r\n\t\t\t\t\t<\/div>\r\n\t\t<\/section>\r\n\t\t\t\t<\/div>","protected":false},"excerpt":{"rendered":"<p>Neo Floria Falez Bug\u00fcne kadar hotel, restoran, cafe ve ofis gibi \u00e7ok say\u0131da ticari mekanda, \u00f6zg\u00fcn tasar\u0131mlar yaratmak isteyen ve \u00f6zel \u00fcr\u00fcnler uygulatmak isteyen kullan\u0131c\u0131lar\u0131n\u0131n isteklerine \u00f6zel \u00fcretimlerde bulunuyor.<\/p>","protected":false},"author":1,"featured_media":0,"parent":0,"menu_order":0,"comment_status":"closed","ping_status":"closed","template":"","meta":{"footnotes":""},"class_list":["post-18510","page","type-page","status-publish","hentry"],"_links":{"self":[{"href":"https:\/\/smchairs.com\/en\/wp-json\/wp\/v2\/pages\/18510","targetHints":{"allow":["GET"]}}],"collection":[{"href":"https:\/\/smchairs.com\/en\/wp-json\/wp\/v2\/pages"}],"about":[{"href":"https:\/\/smchairs.com\/en\/wp-json\/wp\/v2\/types\/page"}],"author":[{"embeddable":true,"href":"https:\/\/smchairs.com\/en\/wp-json\/wp\/v2\/users\/1"}],"replies":[{"embeddable":true,"href":"https:\/\/smchairs.com\/en\/wp-json\/wp\/v2\/comments?post=18510"}],"version-history":[{"count":4,"href":"https:\/\/smchairs.com\/en\/wp-json\/wp\/v2\/pages\/18510\/revisions"}],"predecessor-version":[{"id":18517,"href":"https:\/\/smchairs.com\/en\/wp-json\/wp\/v2\/pages\/18510\/revisions\/18517"}],"wp:attachment":[{"href":"https:\/\/smchairs.com\/en\/wp-json\/wp\/v2\/media?parent=18510"}],"curies":[{"name":"wp","href":"https:\/\/api.w.org\/{rel}","templated":true}]}}